{"id":1183,"date":"2021-12-02T14:30:53","date_gmt":"2021-12-02T13:30:53","guid":{"rendered":"https:\/\/www.vizieditore.it\/shop\/?post_type=product&#038;p=1183"},"modified":"2025-02-27T16:12:56","modified_gmt":"2025-02-27T15:12:56","slug":"janis-joplin","status":"publish","type":"product","link":"https:\/\/www.vizieditore.it\/shop\/prodotto\/janis-joplin\/","title":{"rendered":"Janis Joplin, regina del Blues"},"content":{"rendered":"<p>Passata in pochi anni da ragazzina emarginata del profondo Texas a simbolo di una stagione musicale irripetibile, Janis Joplin \u00e8 riuscita a brillare e bruciare molto, troppo in fretta. Sempre senza riuscire a lasciarsi alle spalle la sensazione di dovere essere qualcosa di pi\u00f9. Pi\u00f9 rock, pi\u00f9 blues. Pi\u00f9 brava, pi\u00f9 bella. Il desiderio di annullarsi e ritrovarsi nella musica e la sua voce indimenticabile vengono qui raccontati con musiche, suoni e interviste che accompagnano l\u2019ascoltatore in un viaggio alla scoperta di una leggenda della musica.<\/p>\n<div class=\"is-divider divider clearfix\" ><\/div>\n<p><strong>Editore:<\/strong> Vizi Editore<\/p>\n<p><strong>Durata:<\/strong> 1 ora e 30 min.<\/p>\n<p><strong>Scritto da:<\/strong> Lucas Pavetto<\/p>\n<p><strong>Letto da:<\/strong> Elena Rossetto, Corrado Niro<\/p>\n<p><strong>Lingua:<\/strong> italiano<\/p>\n","protected":false},"excerpt":{"rendered":"<div class=\"is-divider divider clearfix\" style=\"max-width:small;\"><\/div>\n<p>Passata in pochi anni da ragazzina emarginata del profondo Texas a simbolo di una stagione musicale irripetibile, Janis Joplin \u00e8 riuscita a brillare e bruciare molto, troppo in fretta. Sempre senza riuscire a lasciarsi alle spalle la sensazione di dovere essere qualcosa di pi\u00f9. Pi\u00f9 rock, pi\u00f9 blues. Pi\u00f9 brava, pi\u00f9 bella. Il desiderio di annullarsi e ritrovarsi nella musica e la sua voce indimenticabile vengono qui raccontati con musiche, suoni e interviste che accompagnano l\u2019ascoltatore in un viaggio alla scoperta di una leggenda della musica.<\/p>\n","protected":false},"featured_media":1184,"comment_status":"open","ping_status":"closed","template":"","meta":[],"product_cat":[100,20],"product_tag":[81,101,215,89,88],"class_list":{"0":"post-1183","1":"product","2":"type-product","3":"status-publish","4":"has-post-thumbnail","6":"product_cat-biografie","7":"product_cat-audiolibri-musica","8":"product_tag-audiolibri","9":"product_tag-biografie","10":"product_tag-janis-joplin","11":"product_tag-musica","12":"product_tag-rock","14":"first","15":"instock","16":"downloadable","17":"virtual","18":"purchasable","19":"product-type-simple"},"_links":{"self":[{"href":"https:\/\/www.vizieditore.it\/shop\/wp-json\/wp\/v2\/product\/1183","targetHints":{"allow":["GET"]}}],"collection":[{"href":"https:\/\/www.vizieditore.it\/shop\/wp-json\/wp\/v2\/product"}],"about":[{"href":"https:\/\/www.vizieditore.it\/shop\/wp-json\/wp\/v2\/types\/product"}],"replies":[{"embeddable":true,"href":"https:\/\/www.vizieditore.it\/shop\/wp-json\/wp\/v2\/comments?post=1183"}],"wp:featuredmedia":[{"embeddable":true,"href":"https:\/\/www.vizieditore.it\/shop\/wp-json\/wp\/v2\/media\/1184"}],"wp:attachment":[{"href":"https:\/\/www.vizieditore.it\/shop\/wp-json\/wp\/v2\/media?parent=1183"}],"wp:term":[{"taxonomy":"product_cat","embeddable":true,"href":"https:\/\/www.vizieditore.it\/shop\/wp-json\/wp\/v2\/product_cat?post=1183"},{"taxonomy":"product_tag","embeddable":true,"href":"https:\/\/www.vizieditore.it\/shop\/wp-json\/wp\/v2\/product_tag?post=1183"}],"curies":[{"name":"wp","href":"https:\/\/api.w.org\/{rel}","templated":true}]}}