{"id":1266,"date":"2022-06-04T15:38:01","date_gmt":"2022-06-04T13:38:01","guid":{"rendered":"https:\/\/www.vizieditore.it\/shop\/?post_type=product&#038;p=1266"},"modified":"2025-05-14T18:39:59","modified_gmt":"2025-05-14T16:39:59","slug":"alice","status":"publish","type":"product","link":"https:\/\/www.vizieditore.it\/shop\/prodotto\/alice\/","title":{"rendered":"Alice nel paese delle meraviglie"},"content":{"rendered":"<div class=\"cc-em-content-body\">\n<div class=\"cc-content-text cc-clamp cc-clamp--7\">\n<div class=\"\"><span class=\"\">Lewis Carroll si trovava in barca con un amico, la piccola Alice e le sue due sorelle, e per far divertire le bambine invent\u00f2 una storia fantastica. Alice lo preg\u00f2 di metterla per iscritto e il racconto fu pubblicato nel 1865 con il titolo &#8220;Le avventure di Alice nel paese delle meraviglie&#8221;. Vi si narrano le vicende di una bimba di nome Alice, che nel giorno del suo settimo compleanno, seguendo un coniglio bianco con giacca e panciotto, precipita in un magico mondo sotterraneo, dove vive strabilianti avventure e incontra bizzarri personaggi, tra assurdit\u00e0 e paradossi di ogni tipo. Gli stravaganti protagonisti del romanzo non sono per\u00f2 cos\u00ec distanti dalla realt\u00e0, in quanto offrono una carrellata dei difetti e delle manie del genere umano, e numerosi sono i riferimenti a personaggi e avvenimenti dell&#8217;epoca. In tutta l&#8217;opera abbondano inoltre giochi linguistici e matematici, citazioni, nonsense e figure retoriche, che fanno di Alice nel paese delle meraviglie un capolavoro di originalit\u00e0, da oltre 150 anni letto e tradotto in tutto il mondo. \u00a0<\/span><\/div>\n<div class=\"\"><span class=\"\">Vizi Editore presenta i classici della letteratura, raccontati con musiche e suoni.<\/span><\/div>\n<hr \/>\n<\/div>\n<\/div>\n<div class=\"is-divider divider clearfix\" ><\/div>\n<p><strong>Editore:<\/strong><\/p>\n<p>Vizi Editore<\/p>\n<p><strong>Durata:<\/strong><\/p>\n<p>2 ore 47 minuti<\/p>\n<p><strong>Scritto da:<\/strong><\/p>\n<p>Lewis Carroll<\/p>\n<p><strong>Letto da:<\/strong><\/p>\n<p>Librinpillole, Elisa Giorgio<\/p>\n<p><strong>Lingua:<\/strong><\/p>\n<p>Italiano<\/p>\n","protected":false},"excerpt":{"rendered":"<p><!--more--><div class=\"is-divider divider clearfix\" style=\"max-width:small;\"><\/div>\n<div class=\"\"><span class=\"\">Lewis Carroll si trovava in barca con un amico, la piccola Alice e le sue due sorelle, e per far divertire le bambine invent\u00f2 una storia fantastica. Alice lo preg\u00f2 di metterla per iscritto e il racconto fu pubblicato nel 1865 con il titolo &#8220;Le avventure di Alice nel paese delle meraviglie&#8221;. Vi si narrano le vicende di una bimba di nome Alice, che nel giorno del suo settimo compleanno, seguendo un coniglio bianco con giacca e panciotto, precipita in un magico mondo sotterraneo, dove vive strabilianti avventure e incontra bizzarri personaggi, tra assurdit\u00e0 e paradossi di ogni tipo. Gli stravaganti protagonisti del romanzo non sono per\u00f2 cos\u00ec distanti dalla realt\u00e0, in quanto offrono una carrellata dei difetti e delle manie del genere umano, e numerosi sono i riferimenti a personaggi e avvenimenti dell&#8217;epoca. In tutta l&#8217;opera abbondano inoltre giochi linguistici e matematici, citazioni, nonsense e figure retoriche, che fanno di Alice nel paese delle meraviglie un capolavoro di originalit\u00e0, da oltre 150 anni letto e tradotto in tutto il mondo. \u00a0<\/span><\/div>\n<div class=\"\"><span class=\"\">Vizi Editore presenta i classici della letteratura, raccontati con musiche e suoni.<\/span><\/div>\n","protected":false},"featured_media":1704,"comment_status":"open","ping_status":"closed","template":"","meta":[],"product_cat":[161,321,166,92,90,91,85,86],"product_tag":[234,81,112,233],"class_list":{"0":"post-1266","1":"product","2":"type-product","3":"status-publish","4":"has-post-thumbnail","6":"product_cat-book-movie","7":"product_cat-i-classici-vizi-editore","8":"product_cat-letteratura","9":"product_cat-piuscaricati-audiolibri","10":"product_cat-nuovi-audiolibri","11":"product_cat-consigliati-audiolibri","12":"product_cat-audiolibri-romanzi","13":"product_cat-audiolibri-series","14":"product_tag-alice-nel-paese-delle-meraviglie","15":"product_tag-audiolibri","16":"product_tag-classici","17":"product_tag-lewis-carroll","19":"first","20":"instock","21":"downloadable","22":"virtual","23":"purchasable","24":"product-type-simple"},"_links":{"self":[{"href":"https:\/\/www.vizieditore.it\/shop\/wp-json\/wp\/v2\/product\/1266","targetHints":{"allow":["GET"]}}],"collection":[{"href":"https:\/\/www.vizieditore.it\/shop\/wp-json\/wp\/v2\/product"}],"about":[{"href":"https:\/\/www.vizieditore.it\/shop\/wp-json\/wp\/v2\/types\/product"}],"replies":[{"embeddable":true,"href":"https:\/\/www.vizieditore.it\/shop\/wp-json\/wp\/v2\/comments?post=1266"}],"wp:featuredmedia":[{"embeddable":true,"href":"https:\/\/www.vizieditore.it\/shop\/wp-json\/wp\/v2\/media\/1704"}],"wp:attachment":[{"href":"https:\/\/www.vizieditore.it\/shop\/wp-json\/wp\/v2\/media?parent=1266"}],"wp:term":[{"taxonomy":"product_cat","embeddable":true,"href":"https:\/\/www.vizieditore.it\/shop\/wp-json\/wp\/v2\/product_cat?post=1266"},{"taxonomy":"product_tag","embeddable":true,"href":"https:\/\/www.vizieditore.it\/shop\/wp-json\/wp\/v2\/product_tag?post=1266"}],"curies":[{"name":"wp","href":"https:\/\/api.w.org\/{rel}","templated":true}]}}