{"id":1367,"date":"2023-07-22T09:48:44","date_gmt":"2023-07-22T07:48:44","guid":{"rendered":"https:\/\/www.vizieditore.it\/shop\/?post_type=product&#038;p=1367"},"modified":"2025-07-22T15:27:25","modified_gmt":"2025-07-22T13:27:25","slug":"manuale-di-sopravvivenza-per-esseri-umani-che-si-sentono-alieni","status":"publish","type":"product","link":"https:\/\/www.vizieditore.it\/shop\/prodotto\/manuale-di-sopravvivenza-per-esseri-umani-che-si-sentono-alieni\/","title":{"rendered":"Matteo Gracis &#8211; Manuale di sopravvivenza per esseri umani che si sentono alieni"},"content":{"rendered":"<div class=\"_1FTz3 fggS- cell\">\n<section class=\"_2RbVQ\" data-hook=\"description-wrapper\">\n<div class=\"_3nbVj\">\n<div class=\"_3cRjW\" data-hook=\"content-wrapper\">Sei disposto a mettere in discussione le tue convinzioni? A guardare il mondo da un&#8217;altra prospettiva ma soprattutto a metterti veramente in gioco? Se la risposta a tali domande \u00e8 s\u00ec, questo libro fa per te, in caso contrario, lascia perdere perch\u00e9 rischi di metterti nei guai. Un manuale di sopravvivenza per tutti coloro che cercano qualcosa in pi\u00f9, che vogliono guardare oltre e non si accontentano delle versioni ufficiali dei fatti, delle verit\u00e0 assolute e dei diktat.<\/div>\n<\/div>\n<\/section>\n<\/div>\n<div class=\"is-divider divider clearfix\" ><\/div>\n<p><strong>Editore: <\/strong>Vizi Editore &#8211; Do it Human<\/p>\n<p><strong>Durata:\u00a0 <\/strong>4 ore 30 minuti<strong><br \/>\n<\/strong><\/p>\n<p><strong>Scritto da: <\/strong>Matteo Gracis<\/p>\n<p><strong>Letto da: <\/strong>Omar Maestroni, William Angiuli, Librinpillole, Elisa Giorgio<\/p>\n<p><strong>Lingua: <\/strong>italiano<\/p>\n","protected":false},"excerpt":{"rendered":"<div class=\"is-divider divider clearfix\" style=\"max-width:small;\"><\/div>\n<p>Sei disposto a mettere in discussione le tue convinzioni? A guardare il mondo da un&#8217;altra prospettiva ma soprattutto a metterti veramente in gioco? Se la risposta a tali domande \u00e8 s\u00ec, questo libro fa per te, in caso contrario, lascia perdere perch\u00e9 rischi di metterti nei guai. Un manuale di sopravvivenza per tutti coloro che cercano qualcosa in pi\u00f9, che vogliono guardare oltre e non si accontentano delle versioni ufficiali dei fatti, delle verit\u00e0 assolute e dei diktat.<\/p>\n<p>&nbsp;<\/p>\n","protected":false},"featured_media":1368,"comment_status":"open","ping_status":"closed","template":"","meta":[],"product_cat":[166,92,90,91,85],"product_tag":[255,150],"class_list":{"0":"post-1367","1":"product","2":"type-product","3":"status-publish","4":"has-post-thumbnail","6":"product_cat-letteratura","7":"product_cat-piuscaricati-audiolibri","8":"product_cat-nuovi-audiolibri","9":"product_cat-consigliati-audiolibri","10":"product_cat-audiolibri-romanzi","11":"product_tag-manuale-di-sopravvivenza-per-esseri-umani-che-si-sentono-alieni","12":"product_tag-matteo-gracis","14":"first","15":"instock","16":"featured","17":"downloadable","18":"virtual","19":"purchasable","20":"product-type-simple"},"_links":{"self":[{"href":"https:\/\/www.vizieditore.it\/shop\/wp-json\/wp\/v2\/product\/1367","targetHints":{"allow":["GET"]}}],"collection":[{"href":"https:\/\/www.vizieditore.it\/shop\/wp-json\/wp\/v2\/product"}],"about":[{"href":"https:\/\/www.vizieditore.it\/shop\/wp-json\/wp\/v2\/types\/product"}],"replies":[{"embeddable":true,"href":"https:\/\/www.vizieditore.it\/shop\/wp-json\/wp\/v2\/comments?post=1367"}],"wp:featuredmedia":[{"embeddable":true,"href":"https:\/\/www.vizieditore.it\/shop\/wp-json\/wp\/v2\/media\/1368"}],"wp:attachment":[{"href":"https:\/\/www.vizieditore.it\/shop\/wp-json\/wp\/v2\/media?parent=1367"}],"wp:term":[{"taxonomy":"product_cat","embeddable":true,"href":"https:\/\/www.vizieditore.it\/shop\/wp-json\/wp\/v2\/product_cat?post=1367"},{"taxonomy":"product_tag","embeddable":true,"href":"https:\/\/www.vizieditore.it\/shop\/wp-json\/wp\/v2\/product_tag?post=1367"}],"curies":[{"name":"wp","href":"https:\/\/api.w.org\/{rel}","templated":true}]}}