{"id":1792,"date":"2026-04-22T15:03:03","date_gmt":"2026-04-22T13:03:03","guid":{"rendered":"https:\/\/www.vizieditore.it\/shop\/?post_type=product&#038;p=1792"},"modified":"2026-04-22T17:06:37","modified_gmt":"2026-04-22T15:06:37","slug":"carnacki-il-maiale","status":"publish","type":"product","link":"https:\/\/www.vizieditore.it\/shop\/prodotto\/carnacki-il-maiale\/","title":{"rendered":"Carnacki &#8211; Il maiale"},"content":{"rendered":"<p data-start=\"62\" data-end=\"214\">In una casa isolata, un uomo vive nel terrore di una presenza che lo visita ogni notte: un enorme maiale invisibile, percepibile solo attraverso rumori, movimenti e un\u2019inquietante sensazione di minaccia. Chiamato a indagare, Carnacki si trova di fronte a un caso che sfida la ragione, sospeso tra suggestione mentale e autentico orrore soprannaturale. Per arrivare alla verit\u00e0, dovr\u00e0 affrontare ci\u00f2 che si nasconde nell\u2019oscurit\u00e0\u2026 e capire se \u00e8 reale o frutto di una mente sull\u2019orlo del crollo.<\/p>\n<p>Un\u2019esperienza audio mozzafiato, arricchita da musiche e sound design, che trasciner\u00e0 l\u2019ascoltatore nel cuore del racconto.<\/p>\n<p>William Hope Hodgson, scrittore inglese vissuto tra il 1877 e il 1918, \u00e8 stato uno dei pionieri del genere weird e horror. Con oltre 100 anni di distanza dalla sua pubblicazione, Naufragio nell&#8217;ignoto rimane uno dei suoi lavori pi\u00f9 celebri, capace di affascinare lettori e appassionati di letteratura gotica. La sua influenza \u00e8 stata profonda su autori del calibro di H.P. Lovecraft, che ne ha riconosciuto la grandezza e ne ha preso ispirazione per la creazione dei suoi universi inquietanti.<\/p>\n<div class=\"is-divider divider clearfix\" ><\/div>\n<p><strong>Editore:<\/strong> Vizi Editore<\/p>\n<p><strong>Durata:<\/strong> 2 ore e 1 min<\/p>\n<p><strong>Scritto da:\u00a0<\/strong>William Hope Hodgson<\/p>\n<p><strong>Letto da:<\/strong> Alessandro Castellucci, Librinpillole<\/p>\n<p><strong>Lingua:<\/strong> italiano<\/p>\n","protected":false},"excerpt":{"rendered":"<div class=\"is-divider divider clearfix\" style=\"max-width:small;\"><\/div>\n<p data-start=\"62\" data-end=\"214\">In una casa isolata, un uomo vive nel terrore di una presenza che lo visita ogni notte: un enorme maiale invisibile, percepibile solo attraverso rumori, movimenti e un\u2019inquietante sensazione di minaccia. Chiamato a indagare, Carnacki si trova di fronte a un caso che sfida la ragione, sospeso tra suggestione mentale e autentico orrore soprannaturale. Per arrivare alla verit\u00e0, dovr\u00e0 affrontare ci\u00f2 che si nasconde nell\u2019oscurit\u00e0\u2026 e capire se \u00e8 reale o frutto di una mente sull\u2019orlo del crollo.<\/p>\n<p>Un\u2019esperienza audio mozzafiato, arricchita da musiche e sound design, che trasciner\u00e0 l\u2019ascoltatore nel cuore del racconto.<\/p>\n<p>William Hope Hodgson, scrittore inglese vissuto tra il 1877 e il 1918, \u00e8 stato uno dei pionieri del genere weird e horror. Con oltre 100 anni di distanza dalla sua pubblicazione, Naufragio nell&#8217;ignoto rimane uno dei suoi lavori pi\u00f9 celebri, capace di affascinare lettori e appassionati di letteratura gotica. La sua influenza \u00e8 stata profonda su autori del calibro di H.P. Lovecraft, che ne ha riconosciuto la grandezza e ne ha preso ispirazione per la creazione dei suoi universi inquietanti.<\/p>\n<p>&nbsp;<\/p>\n<p>&nbsp;<\/p>\n<p>&nbsp;<\/p>\n<p>&nbsp;<\/p>\n","protected":false},"featured_media":1793,"comment_status":"open","ping_status":"closed","template":"","meta":[],"product_cat":[161,352,353,333,90,85],"product_tag":[354,371,325],"class_list":{"0":"post-1792","1":"product","2":"type-product","3":"status-publish","4":"has-post-thumbnail","6":"product_cat-book-movie","7":"product_cat-carnacki","8":"product_cat-il-cacciatore-di-fantasmi","9":"product_cat-narrativa","10":"product_cat-nuovi-audiolibri","11":"product_cat-audiolibri-romanzi","12":"product_tag-carnacki","13":"product_tag-il-maiale","14":"product_tag-william-hope-hodgson","16":"first","17":"instock","18":"featured","19":"downloadable","20":"virtual","21":"purchasable","22":"product-type-simple"},"_links":{"self":[{"href":"https:\/\/www.vizieditore.it\/shop\/wp-json\/wp\/v2\/product\/1792","targetHints":{"allow":["GET"]}}],"collection":[{"href":"https:\/\/www.vizieditore.it\/shop\/wp-json\/wp\/v2\/product"}],"about":[{"href":"https:\/\/www.vizieditore.it\/shop\/wp-json\/wp\/v2\/types\/product"}],"replies":[{"embeddable":true,"href":"https:\/\/www.vizieditore.it\/shop\/wp-json\/wp\/v2\/comments?post=1792"}],"wp:featuredmedia":[{"embeddable":true,"href":"https:\/\/www.vizieditore.it\/shop\/wp-json\/wp\/v2\/media\/1793"}],"wp:attachment":[{"href":"https:\/\/www.vizieditore.it\/shop\/wp-json\/wp\/v2\/media?parent=1792"}],"wp:term":[{"taxonomy":"product_cat","embeddable":true,"href":"https:\/\/www.vizieditore.it\/shop\/wp-json\/wp\/v2\/product_cat?post=1792"},{"taxonomy":"product_tag","embeddable":true,"href":"https:\/\/www.vizieditore.it\/shop\/wp-json\/wp\/v2\/product_tag?post=1792"}],"curies":[{"name":"wp","href":"https:\/\/api.w.org\/{rel}","templated":true}]}}